{"id":14,"date":"2025-04-04T15:10:27","date_gmt":"2025-04-04T15:10:27","guid":{"rendered":"https:\/\/ina-ferber.de\/contact\/"},"modified":"2026-04-03T20:24:56","modified_gmt":"2026-04-03T20:24:56","slug":"kontakt","status":"publish","type":"page","link":"https:\/\/ina-ferber.de\/en\/kontakt\/","title":{"rendered":"Contact"},"content":{"rendered":"<div data-elementor-type=\"wp-page\" data-elementor-id=\"14\" class=\"elementor elementor-14\">\n\t\t\t\t<div class=\"elementor-element elementor-element-70f957b2 e-flex e-con-boxed e-con e-parent\" data-id=\"70f957b2\" data-element_type=\"container\" data-e-type=\"container\" data-settings=\"{&quot;background_background&quot;:&quot;classic&quot;}\">\n\t\t\t\t\t<div class=\"e-con-inner\">\n\t\t\t\t<div class=\"elementor-element elementor-element-705a20ad elementor-widget elementor-widget-heading\" data-id=\"705a20ad\" data-element_type=\"widget\" data-e-type=\"widget\" data-widget_type=\"heading.default\">\n\t\t\t\t<div class=\"elementor-widget-container\">\n\t\t\t\t\t<h1 class=\"elementor-heading-title elementor-size-default\">Get in touch!<\/h1>\t\t\t\t<\/div>\n\t\t\t\t<\/div>\n\t\t<div class=\"elementor-element elementor-element-781aaf24 e-con-full e-flex e-con e-child\" data-id=\"781aaf24\" data-element_type=\"container\" data-e-type=\"container\">\n\t\t<div class=\"elementor-element elementor-element-6eb17614 e-con-full e-flex e-con e-child\" data-id=\"6eb17614\" data-element_type=\"container\" data-e-type=\"container\">\n\t\t\t\t<div class=\"elementor-element elementor-element-191bb214 elementor-widget elementor-widget-text-editor\" data-id=\"191bb214\" data-element_type=\"widget\" data-e-type=\"widget\" data-widget_type=\"text-editor.default\">\n\t\t\t\t<div class=\"elementor-widget-container\">\n\t\t\t\t\t\t\t\t\t<p class=\"translation-block\">I look forward to your feedback, networking and inquiries!<\/p>\t\t\t\t\t\t\t\t<\/div>\n\t\t\t\t<\/div>\n\t\t\t\t<div class=\"elementor-element elementor-element-123db739 elementor-widget-divider--view-line elementor-widget elementor-widget-divider\" data-id=\"123db739\" data-element_type=\"widget\" data-e-type=\"widget\" data-widget_type=\"divider.default\">\n\t\t\t\t<div class=\"elementor-widget-container\">\n\t\t\t\t\t\t\t<div class=\"elementor-divider\">\n\t\t\t<span class=\"elementor-divider-separator\">\n\t\t\t\t\t\t<\/span>\n\t\t<\/div>\n\t\t\t\t\t\t<\/div>\n\t\t\t\t<\/div>\n\t\t\t\t<div class=\"elementor-element elementor-element-65672489 elementor-align-center elementor-icon-list--layout-traditional elementor-list-item-link-full_width elementor-widget elementor-widget-icon-list\" data-id=\"65672489\" data-element_type=\"widget\" data-e-type=\"widget\" data-widget_type=\"icon-list.default\">\n\t\t\t\t<div class=\"elementor-widget-container\">\n\t\t\t\t\t\t\t<ul class=\"elementor-icon-list-items\">\n\t\t\t\t\t\t\t<li class=\"elementor-icon-list-item\">\n\t\t\t\t\t\t\t\t\t\t<span class=\"elementor-icon-list-text\">Ina Ferber, 40476 D\u00fcsseldorf<\/span>\n\t\t\t\t\t\t\t\t\t<\/li>\n\t\t\t\t\t\t\t\t<li class=\"elementor-icon-list-item\">\n\t\t\t\t\t\t\t\t\t\t<span class=\"elementor-icon-list-text\">+49-(0)173-2771017<\/span>\n\t\t\t\t\t\t\t\t\t<\/li>\n\t\t\t\t\t\t\t\t<li class=\"elementor-icon-list-item\">\n\t\t\t\t\t\t\t\t\t\t<span class=\"elementor-icon-list-text\">me@ina-ferber.de<\/span>\n\t\t\t\t\t\t\t\t\t<\/li>\n\t\t\t\t\t\t<\/ul>\n\t\t\t\t\t\t<\/div>\n\t\t\t\t<\/div>\n\t\t\t\t<\/div>\n\t\t\t\t<\/div>\n\t\t\t\t\t<\/div>\n\t\t\t\t<\/div>\n\t\t<div class=\"elementor-element elementor-element-499235a4 e-con-full e-flex e-con e-parent\" data-id=\"499235a4\" data-element_type=\"container\" data-e-type=\"container\">\n\t\t\t\t<div class=\"elementor-element elementor-element-32c21180 elementor-widget elementor-widget-heading\" data-id=\"32c21180\" data-element_type=\"widget\" data-e-type=\"widget\" data-widget_type=\"heading.default\">\n\t\t\t\t<div class=\"elementor-widget-container\">\n\t\t\t\t\t<h2 class=\"elementor-heading-title elementor-size-default\">Oil, Gouache, Drawings<\/h2>\t\t\t\t<\/div>\n\t\t\t\t<\/div>\n\t\t\t\t<div class=\"elementor-element elementor-element-2732b211 gallery-spacing-custom elementor-widget elementor-widget-image-gallery\" data-id=\"2732b211\" data-element_type=\"widget\" data-e-type=\"widget\" data-widget_type=\"image-gallery.default\">\n\t\t\t\t<div class=\"elementor-widget-container\">\n\t\t\t\t\t\t\t<div class=\"elementor-image-gallery\">\n\t\t\t<div id='gallery-1' class='gallery galleryid-14 gallery-columns-3 gallery-size-full'><figure class='gallery-item'>\n\t\t\t<div class='gallery-icon portrait'>\n\t\t\t\t<a data-elementor-open-lightbox=\"yes\" data-elementor-lightbox-slideshow=\"2732b211\" data-elementor-lightbox-title=\"Chuppah, Gouache auf Leinwand, 30x20\" data-e-action-hash=\"#elementor-action%3Aaction%3Dlightbox%26settings%3DeyJpZCI6NzMsInVybCI6Imh0dHBzOlwvXC9pbmEtZmVyYmVyLmRlXC93cC1jb250ZW50XC91cGxvYWRzXC8yMDI1XC8wNFwvQ2h1cHBhaC1zY2FsZWQuanBnIiwic2xpZGVzaG93IjoiMjczMmIyMTEifQ%3D%3D\" href='https:\/\/ina-ferber.de\/wp-content\/uploads\/2025\/04\/Chuppah-scaled.jpg'><img fetchpriority=\"high\" decoding=\"async\" width=\"1705\" height=\"2560\" src=\"https:\/\/ina-ferber.de\/wp-content\/uploads\/2025\/04\/Chuppah-scaled.jpg\" class=\"attachment-full size-full\" alt=\"Chuppah, Eheschlie\u00dfung J\u00fcdische Kunst, Gouache-Gem\u00e4lde, gouache painting\" aria-describedby=\"gallery-1-73\" srcset=\"https:\/\/ina-ferber.de\/wp-content\/uploads\/2025\/04\/Chuppah-scaled.jpg 1705w, https:\/\/ina-ferber.de\/wp-content\/uploads\/2025\/04\/Chuppah-200x300.jpg 200w, https:\/\/ina-ferber.de\/wp-content\/uploads\/2025\/04\/Chuppah-682x1024.jpg 682w, https:\/\/ina-ferber.de\/wp-content\/uploads\/2025\/04\/Chuppah-768x1153.jpg 768w, https:\/\/ina-ferber.de\/wp-content\/uploads\/2025\/04\/Chuppah-1023x1536.jpg 1023w, https:\/\/ina-ferber.de\/wp-content\/uploads\/2025\/04\/Chuppah-1364x2048.jpg 1364w\" sizes=\"(max-width: 1705px) 100vw, 1705px\" \/><\/a>\n\t\t\t<\/div>\n\t\t\t\t<figcaption class='wp-caption-text gallery-caption' id='gallery-1-73'>\n\t\t\t\tChuppah, Gouache auf Leinwand, 30&#215;20\n\t\t\t\t<\/figcaption><\/figure><figure class='gallery-item'>\n\t\t\t<div class='gallery-icon portrait'>\n\t\t\t\t<a data-elementor-open-lightbox=\"yes\" data-elementor-lightbox-slideshow=\"2732b211\" data-elementor-lightbox-title=\"Yentl ist w\u00fctend, Gouache auf Leinwand, 60x30\" data-e-action-hash=\"#elementor-action%3Aaction%3Dlightbox%26settings%3DeyJpZCI6MTIwLCJ1cmwiOiJodHRwczpcL1wvaW5hLWZlcmJlci5kZVwvd3AtY29udGVudFwvdXBsb2Fkc1wvMjAyNVwvMDRcL1llbnRsX2lzdF93dWV0ZW5kLXNjYWxlZC1lMTc1MzA5NDY5ODczMC5qcGciLCJzbGlkZXNob3ciOiIyNzMyYjIxMSJ9\" href='https:\/\/ina-ferber.de\/wp-content\/uploads\/2025\/04\/Yentl_ist_wuetend-scaled-e1753094698730.jpg'><img decoding=\"async\" width=\"1217\" height=\"2483\" src=\"https:\/\/ina-ferber.de\/wp-content\/uploads\/2025\/04\/Yentl_ist_wuetend-scaled-e1753094698730.jpg\" class=\"attachment-full size-full\" alt=\"Gouache-Gem\u00e4lde, Malerei, gouache painting, Yentl ist w\u00fctend J\u00fcdische Kunst\" aria-describedby=\"gallery-1-120\" srcset=\"https:\/\/ina-ferber.de\/wp-content\/uploads\/2025\/04\/Yentl_ist_wuetend-scaled-e1753094698730.jpg 1217w, https:\/\/ina-ferber.de\/wp-content\/uploads\/2025\/04\/Yentl_ist_wuetend-scaled-e1753094698730-147x300.jpg 147w, https:\/\/ina-ferber.de\/wp-content\/uploads\/2025\/04\/Yentl_ist_wuetend-scaled-e1753094698730-502x1024.jpg 502w, https:\/\/ina-ferber.de\/wp-content\/uploads\/2025\/04\/Yentl_ist_wuetend-scaled-e1753094698730-768x1567.jpg 768w, https:\/\/ina-ferber.de\/wp-content\/uploads\/2025\/04\/Yentl_ist_wuetend-scaled-e1753094698730-753x1536.jpg 753w, https:\/\/ina-ferber.de\/wp-content\/uploads\/2025\/04\/Yentl_ist_wuetend-scaled-e1753094698730-1004x2048.jpg 1004w\" sizes=\"(max-width: 1217px) 100vw, 1217px\" \/><\/a>\n\t\t\t<\/div>\n\t\t\t\t<figcaption class='wp-caption-text gallery-caption' id='gallery-1-120'>\n\t\t\t\tYentl ist w\u00fctend, Gouache auf Leinwand, 60&#215;30\n\t\t\t\t<\/figcaption><\/figure><figure class='gallery-item'>\n\t\t\t<div class='gallery-icon portrait'>\n\t\t\t\t<a data-elementor-open-lightbox=\"yes\" data-elementor-lightbox-slideshow=\"2732b211\" data-elementor-lightbox-title=\"Ohne Titel, Gouache auf Papier, 60x40\" data-e-action-hash=\"#elementor-action%3Aaction%3Dlightbox%26settings%3DeyJpZCI6MTAzLCJ1cmwiOiJodHRwczpcL1wvaW5hLWZlcmJlci5kZVwvd3AtY29udGVudFwvdXBsb2Fkc1wvMjAyNVwvMDRcL09obmVfVGl0ZWxfWFhJVi1zY2FsZWQtZTE3NTMwOTEyNzQxNTcuanBnIiwic2xpZGVzaG93IjoiMjczMmIyMTEifQ%3D%3D\" href='https:\/\/ina-ferber.de\/wp-content\/uploads\/2025\/04\/Ohne_Titel_XXIV-scaled-e1753091274157.jpg'><img decoding=\"async\" width=\"1665\" height=\"2510\" src=\"https:\/\/ina-ferber.de\/wp-content\/uploads\/2025\/04\/Ohne_Titel_XXIV-scaled-e1753091274157.jpg\" class=\"attachment-full size-full\" alt=\"Gouache-Gem\u00e4lde, gouache painting\" aria-describedby=\"gallery-1-103\" srcset=\"https:\/\/ina-ferber.de\/wp-content\/uploads\/2025\/04\/Ohne_Titel_XXIV-scaled-e1753091274157.jpg 1665w, https:\/\/ina-ferber.de\/wp-content\/uploads\/2025\/04\/Ohne_Titel_XXIV-scaled-e1753091274157-199x300.jpg 199w, https:\/\/ina-ferber.de\/wp-content\/uploads\/2025\/04\/Ohne_Titel_XXIV-scaled-e1753091274157-679x1024.jpg 679w, https:\/\/ina-ferber.de\/wp-content\/uploads\/2025\/04\/Ohne_Titel_XXIV-scaled-e1753091274157-768x1158.jpg 768w, https:\/\/ina-ferber.de\/wp-content\/uploads\/2025\/04\/Ohne_Titel_XXIV-scaled-e1753091274157-1019x1536.jpg 1019w, https:\/\/ina-ferber.de\/wp-content\/uploads\/2025\/04\/Ohne_Titel_XXIV-scaled-e1753091274157-1359x2048.jpg 1359w\" sizes=\"(max-width: 1665px) 100vw, 1665px\" \/><\/a>\n\t\t\t<\/div>\n\t\t\t\t<figcaption class='wp-caption-text gallery-caption' id='gallery-1-103'>\n\t\t\t\tOhne Titel, Gouache auf Papier, 60&#215;40\n\t\t\t\t<\/figcaption><\/figure>\n\t\t<\/div>\n\t\t<\/div>\n\t\t\t\t\t\t<\/div>\n\t\t\t\t<\/div>\n\t\t\t\t<\/div>\n\t\t<div class=\"elementor-element elementor-element-5e9c0e6 e-flex e-con-boxed e-con e-parent\" data-id=\"5e9c0e6\" data-element_type=\"container\" data-e-type=\"container\">\n\t\t\t\t\t<div class=\"e-con-inner\">\n\t\t\t\t<div class=\"elementor-element elementor-element-3902219 elementor-widget elementor-widget-spacer\" data-id=\"3902219\" data-element_type=\"widget\" data-e-type=\"widget\" data-widget_type=\"spacer.default\">\n\t\t\t\t<div class=\"elementor-widget-container\">\n\t\t\t\t\t\t\t<div class=\"elementor-spacer\">\n\t\t\t<div class=\"elementor-spacer-inner\"><\/div>\n\t\t<\/div>\n\t\t\t\t\t\t<\/div>\n\t\t\t\t<\/div>\n\t\t\t\t\t<\/div>\n\t\t\t\t<\/div>\n\t\t\t\t<\/div>","protected":false},"excerpt":{"rendered":"<p>Melden Sie sich! Ich freue mich auf Ihre R\u00fcckmeldungen,Vernetzungen und Anfragen! Ina Ferber, 40476 D\u00fcsseldorf +49-(0)173-2771017 me@ina-ferber.de \u00d6l, Gouache, Zeichnungen Chuppah, Gouache auf Leinwand, 30&#215;20 Yentl ist w\u00fctend, Gouache auf Leinwand, 60&#215;30 Ohne Titel, Gouache auf Papier, 60&#215;40<\/p>","protected":false},"author":1,"featured_media":870,"parent":0,"menu_order":0,"comment_status":"closed","ping_status":"closed","template":"elementor_header_footer","meta":{"footnotes":""},"class_list":["post-14","page","type-page","status-publish","has-post-thumbnail","hentry"],"yoast_head":"<!-- This site is optimized with the Yoast SEO plugin v27.3 - https:\/\/yoast.com\/product\/yoast-seo-wordpress\/ -->\n<title>Ina Ferber Kontakt - Ina Ferber<\/title>\n<meta name=\"description\" content=\"Ina Ferber. Ich male aus K\u00f6rper, Angst und Erinnerung. \u00d6l, Gouache, Zeichnungen. +49-(0)173-2771017, me@ina-ferber.de\" \/>\n<meta name=\"robots\" content=\"index, follow, max-snippet:-1, max-image-preview:large, max-video-preview:-1\" \/>\n<link rel=\"canonical\" href=\"https:\/\/ina-ferber.de\/en\/kontakt\/\" \/>\n<meta property=\"og:locale\" content=\"en_US\" \/>\n<meta property=\"og:type\" content=\"article\" \/>\n<meta property=\"og:title\" content=\"Kontakt Ina Ferber K\u00fcnstlerin\" \/>\n<meta property=\"og:description\" content=\"Ina Ferber. Ich male aus K\u00f6rper, Angst und Erinnerung. \u00d6l, Gouache, Zeichnungen.\" \/>\n<meta property=\"og:url\" content=\"https:\/\/ina-ferber.de\/en\/kontakt\/\" \/>\n<meta property=\"og:site_name\" content=\"Ina Ferber\" \/>\n<meta property=\"article:modified_time\" content=\"2026-04-03T20:24:56+00:00\" \/>\n<meta property=\"og:image\" content=\"https:\/\/ina-ferber.de\/wp-content\/uploads\/2026\/04\/Ina2.jpg\" \/>\n\t<meta property=\"og:image:width\" content=\"1464\" \/>\n\t<meta property=\"og:image:height\" content=\"2048\" \/>\n\t<meta property=\"og:image:type\" content=\"image\/jpeg\" \/>\n<meta name=\"twitter:card\" content=\"summary_large_image\" \/>\n<meta name=\"twitter:title\" content=\"Kontakt Ina Ferber K\u00fcnstlerin\" \/>\n<meta name=\"twitter:description\" content=\"Ina Ferber. Ich male aus K\u00f6rper, Angst und Erinnerung. \u00d6l, Gouache, Zeichnungen.\" \/>\n<meta name=\"twitter:image\" content=\"https:\/\/ina-ferber.de\/wp-content\/uploads\/2026\/04\/Ina2.jpg\" \/>\n<meta name=\"twitter:label1\" content=\"Est. reading time\" \/>\n\t<meta name=\"twitter:data1\" content=\"2 minutes\" \/>\n<script type=\"application\/ld+json\" class=\"yoast-schema-graph\">{\"@context\":\"https:\\\/\\\/schema.org\",\"@graph\":[{\"@type\":\"WebPage\",\"@id\":\"https:\\\/\\\/ina-ferber.de\\\/kontakt\\\/\",\"url\":\"https:\\\/\\\/ina-ferber.de\\\/kontakt\\\/\",\"name\":\"Ina Ferber Kontakt - Ina Ferber\",\"isPartOf\":{\"@id\":\"https:\\\/\\\/ina-ferber.de\\\/#website\"},\"primaryImageOfPage\":{\"@id\":\"https:\\\/\\\/ina-ferber.de\\\/kontakt\\\/#primaryimage\"},\"image\":{\"@id\":\"https:\\\/\\\/ina-ferber.de\\\/kontakt\\\/#primaryimage\"},\"thumbnailUrl\":\"https:\\\/\\\/ina-ferber.de\\\/wp-content\\\/uploads\\\/2026\\\/04\\\/Ina2.jpg\",\"datePublished\":\"2025-04-04T15:10:27+00:00\",\"dateModified\":\"2026-04-03T20:24:56+00:00\",\"description\":\"Ina Ferber. Ich male aus K\u00f6rper, Angst und Erinnerung. \u00d6l, Gouache, Zeichnungen. +49-(0)173-2771017, me@ina-ferber.de\",\"breadcrumb\":{\"@id\":\"https:\\\/\\\/ina-ferber.de\\\/kontakt\\\/#breadcrumb\"},\"inLanguage\":\"en-US\",\"potentialAction\":[{\"@type\":\"ReadAction\",\"target\":[\"https:\\\/\\\/ina-ferber.de\\\/kontakt\\\/\"]}]},{\"@type\":\"ImageObject\",\"inLanguage\":\"en-US\",\"@id\":\"https:\\\/\\\/ina-ferber.de\\\/kontakt\\\/#primaryimage\",\"url\":\"https:\\\/\\\/ina-ferber.de\\\/wp-content\\\/uploads\\\/2026\\\/04\\\/Ina2.jpg\",\"contentUrl\":\"https:\\\/\\\/ina-ferber.de\\\/wp-content\\\/uploads\\\/2026\\\/04\\\/Ina2.jpg\",\"width\":1464,\"height\":2048,\"caption\":\"Ina Ferber\"},{\"@type\":\"BreadcrumbList\",\"@id\":\"https:\\\/\\\/ina-ferber.de\\\/kontakt\\\/#breadcrumb\",\"itemListElement\":[{\"@type\":\"ListItem\",\"position\":1,\"name\":\"Startseite\",\"item\":\"https:\\\/\\\/ina-ferber.de\\\/\"},{\"@type\":\"ListItem\",\"position\":2,\"name\":\"Kontakt\"}]},{\"@type\":\"WebSite\",\"@id\":\"https:\\\/\\\/ina-ferber.de\\\/#website\",\"url\":\"https:\\\/\\\/ina-ferber.de\\\/\",\"name\":\"Ina Ferber\",\"description\":\"Ich male aus K\u00f6rper, Angst und Erinnerung.\",\"publisher\":{\"@id\":\"https:\\\/\\\/ina-ferber.de\\\/#organization\"},\"potentialAction\":[{\"@type\":\"SearchAction\",\"target\":{\"@type\":\"EntryPoint\",\"urlTemplate\":\"https:\\\/\\\/ina-ferber.de\\\/?s={search_term_string}\"},\"query-input\":{\"@type\":\"PropertyValueSpecification\",\"valueRequired\":true,\"valueName\":\"search_term_string\"}}],\"inLanguage\":\"en-US\"},{\"@type\":\"Organization\",\"@id\":\"https:\\\/\\\/ina-ferber.de\\\/#organization\",\"name\":\"Ina Ferber\",\"url\":\"https:\\\/\\\/ina-ferber.de\\\/\",\"logo\":{\"@type\":\"ImageObject\",\"inLanguage\":\"en-US\",\"@id\":\"https:\\\/\\\/ina-ferber.de\\\/#\\\/schema\\\/logo\\\/image\\\/\",\"url\":\"https:\\\/\\\/ina-ferber.de\\\/wp-content\\\/uploads\\\/2025\\\/04\\\/Self_II-scaled.jpg\",\"contentUrl\":\"https:\\\/\\\/ina-ferber.de\\\/wp-content\\\/uploads\\\/2025\\\/04\\\/Self_II-scaled.jpg\",\"width\":1822,\"height\":2560,\"caption\":\"Ina Ferber\"},\"image\":{\"@id\":\"https:\\\/\\\/ina-ferber.de\\\/#\\\/schema\\\/logo\\\/image\\\/\"}}]}<\/script>\n<!-- \/ Yoast SEO plugin. -->","yoast_head_json":{"title":"Ina Ferber Kontakt - Ina Ferber","description":"Ina Ferber. Ich male aus K\u00f6rper, Angst und Erinnerung. \u00d6l, Gouache, Zeichnungen. +49-(0)173-2771017, me@ina-ferber.de","robots":{"index":"index","follow":"follow","max-snippet":"max-snippet:-1","max-image-preview":"max-image-preview:large","max-video-preview":"max-video-preview:-1"},"canonical":"https:\/\/ina-ferber.de\/en\/kontakt\/","og_locale":"en_US","og_type":"article","og_title":"Kontakt Ina Ferber K\u00fcnstlerin","og_description":"Ina Ferber. Ich male aus K\u00f6rper, Angst und Erinnerung. \u00d6l, Gouache, Zeichnungen.","og_url":"https:\/\/ina-ferber.de\/en\/kontakt\/","og_site_name":"Ina Ferber","article_modified_time":"2026-04-03T20:24:56+00:00","og_image":[{"width":1464,"height":2048,"url":"https:\/\/ina-ferber.de\/wp-content\/uploads\/2026\/04\/Ina2.jpg","type":"image\/jpeg"}],"twitter_card":"summary_large_image","twitter_title":"Kontakt Ina Ferber K\u00fcnstlerin","twitter_description":"Ina Ferber. Ich male aus K\u00f6rper, Angst und Erinnerung. \u00d6l, Gouache, Zeichnungen.","twitter_image":"https:\/\/ina-ferber.de\/wp-content\/uploads\/2026\/04\/Ina2.jpg","twitter_misc":{"Est. reading time":"2 minutes"},"schema":{"@context":"https:\/\/schema.org","@graph":[{"@type":"WebPage","@id":"https:\/\/ina-ferber.de\/kontakt\/","url":"https:\/\/ina-ferber.de\/kontakt\/","name":"Ina Ferber Kontakt - Ina Ferber","isPartOf":{"@id":"https:\/\/ina-ferber.de\/#website"},"primaryImageOfPage":{"@id":"https:\/\/ina-ferber.de\/kontakt\/#primaryimage"},"image":{"@id":"https:\/\/ina-ferber.de\/kontakt\/#primaryimage"},"thumbnailUrl":"https:\/\/ina-ferber.de\/wp-content\/uploads\/2026\/04\/Ina2.jpg","datePublished":"2025-04-04T15:10:27+00:00","dateModified":"2026-04-03T20:24:56+00:00","description":"Ina Ferber. Ich male aus K\u00f6rper, Angst und Erinnerung. \u00d6l, Gouache, Zeichnungen. +49-(0)173-2771017, me@ina-ferber.de","breadcrumb":{"@id":"https:\/\/ina-ferber.de\/kontakt\/#breadcrumb"},"inLanguage":"en-US","potentialAction":[{"@type":"ReadAction","target":["https:\/\/ina-ferber.de\/kontakt\/"]}]},{"@type":"ImageObject","inLanguage":"en-US","@id":"https:\/\/ina-ferber.de\/kontakt\/#primaryimage","url":"https:\/\/ina-ferber.de\/wp-content\/uploads\/2026\/04\/Ina2.jpg","contentUrl":"https:\/\/ina-ferber.de\/wp-content\/uploads\/2026\/04\/Ina2.jpg","width":1464,"height":2048,"caption":"Ina Ferber"},{"@type":"BreadcrumbList","@id":"https:\/\/ina-ferber.de\/kontakt\/#breadcrumb","itemListElement":[{"@type":"ListItem","position":1,"name":"Startseite","item":"https:\/\/ina-ferber.de\/"},{"@type":"ListItem","position":2,"name":"Kontakt"}]},{"@type":"WebSite","@id":"https:\/\/ina-ferber.de\/#website","url":"https:\/\/ina-ferber.de\/","name":"Ina Ferber","description":"I paint from body, fear, and memory.","publisher":{"@id":"https:\/\/ina-ferber.de\/#organization"},"potentialAction":[{"@type":"SearchAction","target":{"@type":"EntryPoint","urlTemplate":"https:\/\/ina-ferber.de\/?s={search_term_string}"},"query-input":{"@type":"PropertyValueSpecification","valueRequired":true,"valueName":"search_term_string"}}],"inLanguage":"en-US"},{"@type":"Organization","@id":"https:\/\/ina-ferber.de\/#organization","name":"Ina Ferber","url":"https:\/\/ina-ferber.de\/","logo":{"@type":"ImageObject","inLanguage":"en-US","@id":"https:\/\/ina-ferber.de\/#\/schema\/logo\/image\/","url":"https:\/\/ina-ferber.de\/wp-content\/uploads\/2025\/04\/Self_II-scaled.jpg","contentUrl":"https:\/\/ina-ferber.de\/wp-content\/uploads\/2025\/04\/Self_II-scaled.jpg","width":1822,"height":2560,"caption":"Ina Ferber"},"image":{"@id":"https:\/\/ina-ferber.de\/#\/schema\/logo\/image\/"}}]}},"_links":{"self":[{"href":"https:\/\/ina-ferber.de\/en\/wp-json\/wp\/v2\/pages\/14","targetHints":{"allow":["GET"]}}],"collection":[{"href":"https:\/\/ina-ferber.de\/en\/wp-json\/wp\/v2\/pages"}],"about":[{"href":"https:\/\/ina-ferber.de\/en\/wp-json\/wp\/v2\/types\/page"}],"author":[{"embeddable":true,"href":"https:\/\/ina-ferber.de\/en\/wp-json\/wp\/v2\/users\/1"}],"replies":[{"embeddable":true,"href":"https:\/\/ina-ferber.de\/en\/wp-json\/wp\/v2\/comments?post=14"}],"version-history":[{"count":32,"href":"https:\/\/ina-ferber.de\/en\/wp-json\/wp\/v2\/pages\/14\/revisions"}],"predecessor-version":[{"id":950,"href":"https:\/\/ina-ferber.de\/en\/wp-json\/wp\/v2\/pages\/14\/revisions\/950"}],"wp:featuredmedia":[{"embeddable":true,"href":"https:\/\/ina-ferber.de\/en\/wp-json\/wp\/v2\/media\/870"}],"wp:attachment":[{"href":"https:\/\/ina-ferber.de\/en\/wp-json\/wp\/v2\/media?parent=14"}],"curies":[{"name":"wp","href":"https:\/\/api.w.org\/{rel}","templated":true}]}}