{"id":44,"date":"2025-04-04T15:10:29","date_gmt":"2025-04-04T15:10:29","guid":{"rendered":"https:\/\/ina-ferber.de\/home\/"},"modified":"2026-04-08T13:38:48","modified_gmt":"2026-04-08T13:38:48","slug":"ina-ferber","status":"publish","type":"page","link":"https:\/\/ina-ferber.de\/en\/","title":{"rendered":"Ina Ferber"},"content":{"rendered":"\t\t<div data-elementor-type=\"wp-page\" data-elementor-id=\"44\" class=\"elementor elementor-44\">\n\t\t\t\t<div class=\"elementor-element elementor-element-7426c920 e-con-full e-flex e-con e-parent\" data-id=\"7426c920\" data-element_type=\"container\" data-e-type=\"container\" data-settings=\"{&quot;background_background&quot;:&quot;classic&quot;}\">\n\t\t\t\t<div class=\"elementor-element elementor-element-4a0fd027 elementor-widget elementor-widget-heading\" data-id=\"4a0fd027\" data-element_type=\"widget\" data-e-type=\"widget\" data-widget_type=\"heading.default\">\n\t\t\t\t<div class=\"elementor-widget-container\">\n\t\t\t\t\t<h1 class=\"elementor-heading-title elementor-size-default\">Ina Ferber<\/h1>\t\t\t\t<\/div>\n\t\t\t\t<\/div>\n\t\t\t\t<\/div>\n\t\t<div class=\"elementor-element elementor-element-94624dc e-flex e-con-boxed e-con e-parent\" data-id=\"94624dc\" data-element_type=\"container\" data-e-type=\"container\" data-settings=\"{&quot;background_background&quot;:&quot;slideshow&quot;,&quot;background_slideshow_gallery&quot;:[{&quot;id&quot;:785,&quot;url&quot;:&quot;https:\\\/\\\/ina-ferber.de\\\/wp-content\\\/uploads\\\/2026\\\/03\\\/Hintergrundbild_Webseite.jpg&quot;}],&quot;background_slideshow_loop&quot;:&quot;yes&quot;,&quot;background_slideshow_slide_duration&quot;:5000,&quot;background_slideshow_slide_transition&quot;:&quot;fade&quot;,&quot;background_slideshow_transition_duration&quot;:500}\">\n\t\t\t\t\t<div class=\"e-con-inner\">\n\t\t\t\t<div class=\"elementor-element elementor-element-a7b10f0 elementor-widget elementor-widget-heading\" data-id=\"a7b10f0\" data-element_type=\"widget\" data-e-type=\"widget\" data-widget_type=\"heading.default\">\n\t\t\t\t<div class=\"elementor-widget-container\">\n\t\t\t\t\t<h2 class=\"elementor-heading-title elementor-size-default\">Ich male zwischen dem Wunsch nach Lebendigkeit und der Angst vor der Gewalt, zu der Menschen f\u00e4hig sind.<\/h2>\t\t\t\t<\/div>\n\t\t\t\t<\/div>\n\t\t\t\t\t<\/div>\n\t\t\t\t<\/div>\n\t\t<div class=\"elementor-element elementor-element-316e056 e-grid e-con-boxed e-con e-parent\" data-id=\"316e056\" data-element_type=\"container\" data-e-type=\"container\">\n\t\t\t\t\t<div class=\"e-con-inner\">\n\t\t\t\t<div class=\"elementor-element elementor-element-2ccf6ee elementor-widget elementor-widget-spacer\" data-id=\"2ccf6ee\" data-element_type=\"widget\" data-e-type=\"widget\" data-widget_type=\"spacer.default\">\n\t\t\t\t<div class=\"elementor-widget-container\">\n\t\t\t\t\t\t\t<div class=\"elementor-spacer\">\n\t\t\t<div class=\"elementor-spacer-inner\"><\/div>\n\t\t<\/div>\n\t\t\t\t\t\t<\/div>\n\t\t\t\t<\/div>\n\t\t\t\t\t<\/div>\n\t\t\t\t<\/div>\n\t\t<div class=\"elementor-element elementor-element-30ec836 e-grid e-con-boxed e-con e-parent\" data-id=\"30ec836\" data-element_type=\"container\" data-e-type=\"container\">\n\t\t\t\t\t<div class=\"e-con-inner\">\n\t\t\t\t<div class=\"elementor-element elementor-element-2a6b82a elementor-widget elementor-widget-image\" data-id=\"2a6b82a\" data-element_type=\"widget\" data-e-type=\"widget\" data-widget_type=\"image.default\">\n\t\t\t\t<div class=\"elementor-widget-container\">\n\t\t\t\t\t\t\t\t\t\t\t\t\t\t\t\t<a href=\"https:\/\/ina-ferber.de\/lebensfroh-feministisch\/\">\n\t\t\t\t\t\t\t<img decoding=\"async\" width=\"150\" height=\"150\" src=\"https:\/\/ina-ferber.de\/wp-content\/uploads\/2026\/03\/Moesenportrait55-150x150.jpg\" class=\"attachment-thumbnail size-thumbnail wp-image-819\" alt=\"\" srcset=\"https:\/\/ina-ferber.de\/wp-content\/uploads\/2026\/03\/Moesenportrait55-150x150.jpg 150w, https:\/\/ina-ferber.de\/wp-content\/uploads\/2026\/03\/Moesenportrait55-13x12.jpg 13w\" sizes=\"(max-width: 150px) 100vw, 150px\" \/>\t\t\t\t\t\t\t\t<\/a>\n\t\t\t\t\t\t\t\t\t\t\t\t\t\t\t<\/div>\n\t\t\t\t<\/div>\n\t\t\t\t<div class=\"elementor-element elementor-element-d94c732 elementor-widget elementor-widget-text-editor\" data-id=\"d94c732\" data-element_type=\"widget\" data-e-type=\"widget\" data-widget_type=\"text-editor.default\">\n\t\t\t\t<div class=\"elementor-widget-container\">\n\t\t\t\t\t\t\t\t\t<h5 style=\"text-align: center;\"><a href=\"https:\/\/ina-ferber.de\/lebensfroh-feministisch\/\"><strong>Lebensfroh Feministisch<\/strong><\/a><br \/>Sinnliche Portraits und Aktgem\u00e4lde direkt, k\u00f6rperlich und voller Intensit\u00e4t<\/h5>\t\t\t\t\t\t\t\t<\/div>\n\t\t\t\t<\/div>\n\t\t\t\t<div class=\"elementor-element elementor-element-1105406 elementor-widget elementor-widget-image\" data-id=\"1105406\" data-element_type=\"widget\" data-e-type=\"widget\" data-widget_type=\"image.default\">\n\t\t\t\t<div class=\"elementor-widget-container\">\n\t\t\t\t\t\t\t\t\t\t\t\t\t\t\t\t<a href=\"https:\/\/ina-ferber.de\/unser-grauenvolles-menschenwerk\/\">\n\t\t\t\t\t\t\t<img decoding=\"async\" width=\"150\" height=\"150\" src=\"https:\/\/ina-ferber.de\/wp-content\/uploads\/2026\/03\/Marsch_der_Menschenfreunde2-150x150.jpg\" class=\"attachment-thumbnail size-thumbnail wp-image-818\" alt=\"\" srcset=\"https:\/\/ina-ferber.de\/wp-content\/uploads\/2026\/03\/Marsch_der_Menschenfreunde2-150x150.jpg 150w, https:\/\/ina-ferber.de\/wp-content\/uploads\/2026\/03\/Marsch_der_Menschenfreunde2-300x300.jpg 300w, https:\/\/ina-ferber.de\/wp-content\/uploads\/2026\/03\/Marsch_der_Menschenfreunde2-12x12.jpg 12w, https:\/\/ina-ferber.de\/wp-content\/uploads\/2026\/03\/Marsch_der_Menschenfreunde2.jpg 372w\" sizes=\"(max-width: 150px) 100vw, 150px\" \/>\t\t\t\t\t\t\t\t<\/a>\n\t\t\t\t\t\t\t\t\t\t\t\t\t\t\t<\/div>\n\t\t\t\t<\/div>\n\t\t\t\t<div class=\"elementor-element elementor-element-fb259c9 elementor-widget elementor-widget-text-editor\" data-id=\"fb259c9\" data-element_type=\"widget\" data-e-type=\"widget\" data-widget_type=\"text-editor.default\">\n\t\t\t\t<div class=\"elementor-widget-container\">\n\t\t\t\t\t\t\t\t\t<h5 style=\"text-align: center;\"><a href=\"https:\/\/ina-ferber.de\/unser-grauenvolles-menschenwerk\/\"><strong>Unser grauenvolles Menschenwerk<\/strong><\/a><br \/>Wenn der Schrecken mich \u00fcberw\u00e4ltigt, dann male ich.<\/h5>\t\t\t\t\t\t\t\t<\/div>\n\t\t\t\t<\/div>\n\t\t\t\t\t<\/div>\n\t\t\t\t<\/div>\n\t\t<div class=\"elementor-element elementor-element-ae02331 e-grid e-con-boxed e-con e-parent\" data-id=\"ae02331\" data-element_type=\"container\" data-e-type=\"container\">\n\t\t\t\t\t<div class=\"e-con-inner\">\n\t\t\t\t<div class=\"elementor-element elementor-element-86e730c elementor-widget elementor-widget-spacer\" data-id=\"86e730c\" data-element_type=\"widget\" data-e-type=\"widget\" data-widget_type=\"spacer.default\">\n\t\t\t\t<div class=\"elementor-widget-container\">\n\t\t\t\t\t\t\t<div class=\"elementor-spacer\">\n\t\t\t<div class=\"elementor-spacer-inner\"><\/div>\n\t\t<\/div>\n\t\t\t\t\t\t<\/div>\n\t\t\t\t<\/div>\n\t\t\t\t\t<\/div>\n\t\t\t\t<\/div>\n\t\t<div class=\"elementor-element elementor-element-ef7757f e-grid e-con-boxed e-con e-parent\" data-id=\"ef7757f\" data-element_type=\"container\" data-e-type=\"container\">\n\t\t\t\t\t<div class=\"e-con-inner\">\n\t\t\t\t<div class=\"elementor-element elementor-element-82ef177 elementor-widget elementor-widget-image\" data-id=\"82ef177\" data-element_type=\"widget\" data-e-type=\"widget\" data-widget_type=\"image.default\">\n\t\t\t\t<div class=\"elementor-widget-container\">\n\t\t\t\t\t\t\t\t\t\t\t\t\t\t\t\t<a href=\"https:\/\/ina-ferber.de\/fruehes-werk-und-mehr\/\">\n\t\t\t\t\t\t\t<img decoding=\"async\" width=\"150\" height=\"150\" src=\"https:\/\/ina-ferber.de\/wp-content\/uploads\/2025\/04\/Ohne_Titel_XXXIV-e1753094389181-150x150.jpg\" class=\"attachment-thumbnail size-thumbnail wp-image-111\" alt=\"\u00d6lgem\u00e4lde, oil painting, Malerei, \u00d6lmalerei\" \/>\t\t\t\t\t\t\t\t<\/a>\n\t\t\t\t\t\t\t\t\t\t\t\t\t\t\t<\/div>\n\t\t\t\t<\/div>\n\t\t\t\t<div class=\"elementor-element elementor-element-f1ab3bf elementor-widget elementor-widget-text-editor\" data-id=\"f1ab3bf\" data-element_type=\"widget\" data-e-type=\"widget\" data-widget_type=\"text-editor.default\">\n\t\t\t\t<div class=\"elementor-widget-container\">\n\t\t\t\t\t\t\t\t\t<h5 style=\"text-align: center;\"><a href=\"https:\/\/ina-ferber.de\/fruehes-werk-und-mehr\/\"><strong>Fr\u00fche Werke und mehr<\/strong><\/a><\/h5>\t\t\t\t\t\t\t\t<\/div>\n\t\t\t\t<\/div>\n\t\t\t\t<div class=\"elementor-element elementor-element-747b264 elementor-widget elementor-widget-image\" data-id=\"747b264\" data-element_type=\"widget\" data-e-type=\"widget\" data-widget_type=\"image.default\">\n\t\t\t\t<div class=\"elementor-widget-container\">\n\t\t\t\t\t\t\t\t\t\t\t\t\t\t\t\t<a href=\"https:\/\/ina-ferber.de\/galerie__trashed\/auftragsarbeiten\/\">\n\t\t\t\t\t\t\t<img loading=\"lazy\" decoding=\"async\" width=\"150\" height=\"150\" src=\"https:\/\/ina-ferber.de\/wp-content\/uploads\/2026\/01\/Josef-150x150.jpg\" class=\"attachment-thumbnail size-thumbnail wp-image-596\" alt=\"\" \/>\t\t\t\t\t\t\t\t<\/a>\n\t\t\t\t\t\t\t\t\t\t\t\t\t\t\t<\/div>\n\t\t\t\t<\/div>\n\t\t\t\t<div class=\"elementor-element elementor-element-12a8e31 elementor-widget elementor-widget-text-editor\" data-id=\"12a8e31\" data-element_type=\"widget\" data-e-type=\"widget\" data-widget_type=\"text-editor.default\">\n\t\t\t\t<div class=\"elementor-widget-container\">\n\t\t\t\t\t\t\t\t\t<h5 style=\"text-align: center;\"><a href=\"https:\/\/ina-ferber.de\/galerie__trashed\/auftragsarbeiten\/\"><strong>Auftragsarbeiten<\/strong><\/a><\/h5>\t\t\t\t\t\t\t\t<\/div>\n\t\t\t\t<\/div>\n\t\t\t\t\t<\/div>\n\t\t\t\t<\/div>\n\t\t<div class=\"elementor-element elementor-element-f7637c0 e-grid e-con-boxed e-con e-parent\" data-id=\"f7637c0\" data-element_type=\"container\" data-e-type=\"container\">\n\t\t\t\t\t<div class=\"e-con-inner\">\n\t\t\t\t<div class=\"elementor-element elementor-element-f1a2b8a elementor-widget elementor-widget-spacer\" data-id=\"f1a2b8a\" data-element_type=\"widget\" data-e-type=\"widget\" data-widget_type=\"spacer.default\">\n\t\t\t\t<div class=\"elementor-widget-container\">\n\t\t\t\t\t\t\t<div class=\"elementor-spacer\">\n\t\t\t<div class=\"elementor-spacer-inner\"><\/div>\n\t\t<\/div>\n\t\t\t\t\t\t<\/div>\n\t\t\t\t<\/div>\n\t\t\t\t\t<\/div>\n\t\t\t\t<\/div>\n\t\t<div class=\"elementor-element elementor-element-ec36d73 e-grid e-con-boxed e-con e-parent\" data-id=\"ec36d73\" data-element_type=\"container\" data-e-type=\"container\">\n\t\t\t\t\t<div class=\"e-con-inner\">\n\t\t\t\t<div class=\"elementor-element elementor-element-1d03d04 elementor-widget elementor-widget-image\" data-id=\"1d03d04\" data-element_type=\"widget\" data-e-type=\"widget\" data-widget_type=\"image.default\">\n\t\t\t\t<div class=\"elementor-widget-container\">\n\t\t\t\t\t\t\t\t\t\t\t\t\t\t\t\t<a href=\"https:\/\/ina-ferber.de\/bio\/\">\n\t\t\t\t\t\t\t<img loading=\"lazy\" decoding=\"async\" width=\"150\" height=\"150\" src=\"https:\/\/ina-ferber.de\/wp-content\/uploads\/2025\/04\/Portrait-Ina-150x150.jpg\" class=\"attachment-thumbnail size-thumbnail wp-image-160\" alt=\"K\u00fcnstlerin Ina Ferber\" \/>\t\t\t\t\t\t\t\t<\/a>\n\t\t\t\t\t\t\t\t\t\t\t\t\t\t\t<\/div>\n\t\t\t\t<\/div>\n\t\t\t\t<div class=\"elementor-element elementor-element-f9c91d9 elementor-widget elementor-widget-text-editor\" data-id=\"f9c91d9\" data-element_type=\"widget\" data-e-type=\"widget\" data-widget_type=\"text-editor.default\">\n\t\t\t\t<div class=\"elementor-widget-container\">\n\t\t\t\t\t\t\t\t\t<h5 style=\"text-align: center;\"><a href=\"https:\/\/ina-ferber.de\/bio\/\"><strong>Bio<\/strong><\/a><\/h5>\t\t\t\t\t\t\t\t<\/div>\n\t\t\t\t<\/div>\n\t\t\t\t<div class=\"elementor-element elementor-element-e09343a elementor-widget elementor-widget-image\" data-id=\"e09343a\" data-element_type=\"widget\" data-e-type=\"widget\" data-widget_type=\"image.default\">\n\t\t\t\t<div class=\"elementor-widget-container\">\n\t\t\t\t\t\t\t\t\t\t\t\t\t\t\t\t<a href=\"https:\/\/ina-ferber.de\/expos\/\">\n\t\t\t\t\t\t\t<img loading=\"lazy\" decoding=\"async\" width=\"150\" height=\"150\" src=\"https:\/\/ina-ferber.de\/wp-content\/uploads\/2026\/01\/IMG-20260128-WA00222-150x150.jpg\" class=\"attachment-thumbnail size-thumbnail wp-image-585\" alt=\"Vernissage, Expo, Teil-\u00dcberblick\" \/>\t\t\t\t\t\t\t\t<\/a>\n\t\t\t\t\t\t\t\t\t\t\t\t\t\t\t<\/div>\n\t\t\t\t<\/div>\n\t\t\t\t<div class=\"elementor-element elementor-element-5ff6138 elementor-widget elementor-widget-text-editor\" data-id=\"5ff6138\" data-element_type=\"widget\" data-e-type=\"widget\" data-widget_type=\"text-editor.default\">\n\t\t\t\t<div class=\"elementor-widget-container\">\n\t\t\t\t\t\t\t\t\t<h5 style=\"text-align: center;\"><a href=\"https:\/\/ina-ferber.de\/expos\/\"><strong>Expos<\/strong><\/a><\/h5>\t\t\t\t\t\t\t\t<\/div>\n\t\t\t\t<\/div>\n\t\t\t\t\t<\/div>\n\t\t\t\t<\/div>\n\t\t<div class=\"elementor-element elementor-element-85c3939 e-flex e-con-boxed e-con e-parent\" data-id=\"85c3939\" data-element_type=\"container\" data-e-type=\"container\">\n\t\t\t\t\t<div class=\"e-con-inner\">\n\t\t\t\t<div class=\"elementor-element elementor-element-cbfcf58 elementor-widget elementor-widget-spacer\" data-id=\"cbfcf58\" data-element_type=\"widget\" data-e-type=\"widget\" data-widget_type=\"spacer.default\">\n\t\t\t\t<div class=\"elementor-widget-container\">\n\t\t\t\t\t\t\t<div class=\"elementor-spacer\">\n\t\t\t<div class=\"elementor-spacer-inner\"><\/div>\n\t\t<\/div>\n\t\t\t\t\t\t<\/div>\n\t\t\t\t<\/div>\n\t\t\t\t\t<\/div>\n\t\t\t\t<\/div>\n\t\t<div class=\"elementor-element elementor-element-352a11e e-grid e-con-boxed e-con e-parent\" data-id=\"352a11e\" data-element_type=\"container\" data-e-type=\"container\">\n\t\t\t\t\t<div class=\"e-con-inner\">\n\t\t\t\t<div class=\"elementor-element elementor-element-30d5c97 elementor-widget elementor-widget-image\" data-id=\"30d5c97\" data-element_type=\"widget\" data-e-type=\"widget\" data-widget_type=\"image.default\">\n\t\t\t\t<div class=\"elementor-widget-container\">\n\t\t\t\t\t\t\t\t\t\t\t\t<figure class=\"wp-caption\">\n\t\t\t\t\t\t\t\t\t\t\t<a href=\"https:\/\/ina-ferber.de\/kontakt\">\n\t\t\t\t\t\t\t<img loading=\"lazy\" decoding=\"async\" width=\"150\" height=\"150\" src=\"https:\/\/ina-ferber.de\/wp-content\/uploads\/2026\/04\/Ina2-150x150.jpg\" class=\"attachment-thumbnail size-thumbnail wp-image-870\" alt=\"Portrait von der K\u00fcnstlerin Ina Ferber\" \/>\t\t\t\t\t\t\t\t<\/a>\n\t\t\t\t\t\t\t\t\t\t\t<figcaption class=\"widget-image-caption wp-caption-text\">Kontakt<\/figcaption>\n\t\t\t\t\t\t\t\t\t\t<\/figure>\n\t\t\t\t\t\t\t\t\t<\/div>\n\t\t\t\t<\/div>\n\t\t\t\t\t<\/div>\n\t\t\t\t<\/div>\n\t\t<div class=\"elementor-element elementor-element-3ed3aec e-flex e-con-boxed e-con e-parent\" data-id=\"3ed3aec\" data-element_type=\"container\" data-e-type=\"container\">\n\t\t\t\t\t<div class=\"e-con-inner\">\n\t\t\t\t<div class=\"elementor-element elementor-element-17d1191 elementor-widget elementor-widget-spacer\" data-id=\"17d1191\" data-element_type=\"widget\" data-e-type=\"widget\" data-widget_type=\"spacer.default\">\n\t\t\t\t<div class=\"elementor-widget-container\">\n\t\t\t\t\t\t\t<div class=\"elementor-spacer\">\n\t\t\t<div class=\"elementor-spacer-inner\"><\/div>\n\t\t<\/div>\n\t\t\t\t\t\t<\/div>\n\t\t\t\t<\/div>\n\t\t\t\t\t<\/div>\n\t\t\t\t<\/div>\n\t\t\t\t<\/div>\n\t\t","protected":false},"excerpt":{"rendered":"<p>Ina Ferber: &#8222;Ich male zwischen dem Wunsch nach Lebendigkeit und der Angst vor der Gewalt, zu der Menschen f\u00e4hig sind.&#8220;<\/p>","protected":false},"author":1,"featured_media":142,"parent":0,"menu_order":0,"comment_status":"closed","ping_status":"closed","template":"elementor_header_footer","meta":{"footnotes":""},"class_list":["post-44","page","type-page","status-publish","has-post-thumbnail","hentry"],"yoast_head":"<!-- This site is optimized with the Yoast SEO plugin v27.3 - https:\/\/yoast.com\/product\/yoast-seo-wordpress\/ -->\n<title>Ina Ferber, &quot;Ich male aus K\u00f6rper, Angst und Erinnerung.&quot;<\/title>\n<meta name=\"description\" content=\"Ina Ferber: &quot;Ich male zwischen dem Wunsch nach Lebendigkeit und der Angst vor der Gewalt, zu der Menschen f\u00e4hig sind.&quot;\" \/>\n<meta name=\"robots\" content=\"index, follow, max-snippet:-1, max-image-preview:large, max-video-preview:-1\" \/>\n<link rel=\"canonical\" href=\"https:\/\/ina-ferber.de\/en\/\" \/>\n<meta property=\"og:locale\" content=\"en_US\" \/>\n<meta property=\"og:type\" content=\"article\" \/>\n<meta property=\"og:title\" content=\"&quot;Ich male aus K\u00f6rper, Angst und Erinnerung.&quot;\" \/>\n<meta property=\"og:description\" content=\"Ina Ferber: &quot;Ich male zwischen dem Wunsch nach Lebendigkeit und der Angst vor der Gewalt, zu der Menschen f\u00e4hig sind.&quot;\" \/>\n<meta property=\"og:url\" content=\"https:\/\/ina-ferber.de\/en\/\" \/>\n<meta property=\"og:site_name\" content=\"Ina Ferber\" \/>\n<meta property=\"article:modified_time\" content=\"2026-04-08T13:38:48+00:00\" \/>\n<meta property=\"og:image\" content=\"https:\/\/ina-ferber.de\/wp-content\/uploads\/2025\/04\/Self_II-1-scaled.jpg\" \/>\n\t<meta property=\"og:image:width\" content=\"1822\" \/>\n\t<meta property=\"og:image:height\" content=\"2560\" \/>\n\t<meta property=\"og:image:type\" content=\"image\/jpeg\" \/>\n<meta name=\"twitter:card\" content=\"summary_large_image\" \/>\n<meta name=\"twitter:title\" content=\"&quot;Ich male aus K\u00f6rper, Angst und Erinnerung.&quot;\" \/>\n<meta name=\"twitter:description\" content=\"Ina Ferber: &quot;Ich male zwischen dem Wunsch nach Lebendigkeit und der Angst vor der Gewalt, zu der Menschen f\u00e4hig sind.&quot;\" \/>\n<meta name=\"twitter:image\" content=\"https:\/\/ina-ferber.de\/wp-content\/uploads\/2025\/04\/Self_II-1-scaled.jpg\" \/>\n<meta name=\"twitter:label1\" content=\"Est. reading time\" \/>\n\t<meta name=\"twitter:data1\" content=\"2 minutes\" \/>\n<script type=\"application\/ld+json\" class=\"yoast-schema-graph\">{\"@context\":\"https:\\\/\\\/schema.org\",\"@graph\":[{\"@type\":\"WebPage\",\"@id\":\"https:\\\/\\\/ina-ferber.de\\\/\",\"url\":\"https:\\\/\\\/ina-ferber.de\\\/\",\"name\":\"Ina Ferber, \\\"Ich male aus K\u00f6rper, Angst und Erinnerung.\\\"\",\"isPartOf\":{\"@id\":\"https:\\\/\\\/ina-ferber.de\\\/#website\"},\"primaryImageOfPage\":{\"@id\":\"https:\\\/\\\/ina-ferber.de\\\/#primaryimage\"},\"image\":{\"@id\":\"https:\\\/\\\/ina-ferber.de\\\/#primaryimage\"},\"thumbnailUrl\":\"https:\\\/\\\/ina-ferber.de\\\/wp-content\\\/uploads\\\/2025\\\/04\\\/cropped-Self_II-1-scaled-1.jpg\",\"datePublished\":\"2025-04-04T15:10:29+00:00\",\"dateModified\":\"2026-04-08T13:38:48+00:00\",\"description\":\"Ina Ferber: \\\"Ich male zwischen dem Wunsch nach Lebendigkeit und der Angst vor der Gewalt, zu der Menschen f\u00e4hig sind.\\\"\",\"breadcrumb\":{\"@id\":\"https:\\\/\\\/ina-ferber.de\\\/#breadcrumb\"},\"inLanguage\":\"en-US\",\"potentialAction\":[{\"@type\":\"ReadAction\",\"target\":[\"https:\\\/\\\/ina-ferber.de\\\/\"]}]},{\"@type\":\"ImageObject\",\"inLanguage\":\"en-US\",\"@id\":\"https:\\\/\\\/ina-ferber.de\\\/#primaryimage\",\"url\":\"https:\\\/\\\/ina-ferber.de\\\/wp-content\\\/uploads\\\/2025\\\/04\\\/cropped-Self_II-1-scaled-1.jpg\",\"contentUrl\":\"https:\\\/\\\/ina-ferber.de\\\/wp-content\\\/uploads\\\/2025\\\/04\\\/cropped-Self_II-1-scaled-1.jpg\",\"width\":512,\"height\":512,\"caption\":\"Self II (Selbstportr\u00e4t Ina Ferber)\"},{\"@type\":\"BreadcrumbList\",\"@id\":\"https:\\\/\\\/ina-ferber.de\\\/#breadcrumb\",\"itemListElement\":[{\"@type\":\"ListItem\",\"position\":1,\"name\":\"Startseite\",\"item\":\"https:\\\/\\\/ina-ferber.de\\\/\"},{\"@type\":\"ListItem\",\"position\":2,\"name\":\"Ina Ferber\"}]},{\"@type\":\"WebSite\",\"@id\":\"https:\\\/\\\/ina-ferber.de\\\/#website\",\"url\":\"https:\\\/\\\/ina-ferber.de\\\/\",\"name\":\"Ina Ferber\",\"description\":\"Ich male aus K\u00f6rper, Angst und Erinnerung.\",\"publisher\":{\"@id\":\"https:\\\/\\\/ina-ferber.de\\\/#organization\"},\"potentialAction\":[{\"@type\":\"SearchAction\",\"target\":{\"@type\":\"EntryPoint\",\"urlTemplate\":\"https:\\\/\\\/ina-ferber.de\\\/?s={search_term_string}\"},\"query-input\":{\"@type\":\"PropertyValueSpecification\",\"valueRequired\":true,\"valueName\":\"search_term_string\"}}],\"inLanguage\":\"en-US\"},{\"@type\":\"Organization\",\"@id\":\"https:\\\/\\\/ina-ferber.de\\\/#organization\",\"name\":\"Ina Ferber\",\"url\":\"https:\\\/\\\/ina-ferber.de\\\/\",\"logo\":{\"@type\":\"ImageObject\",\"inLanguage\":\"en-US\",\"@id\":\"https:\\\/\\\/ina-ferber.de\\\/#\\\/schema\\\/logo\\\/image\\\/\",\"url\":\"https:\\\/\\\/ina-ferber.de\\\/wp-content\\\/uploads\\\/2025\\\/04\\\/Self_II-scaled.jpg\",\"contentUrl\":\"https:\\\/\\\/ina-ferber.de\\\/wp-content\\\/uploads\\\/2025\\\/04\\\/Self_II-scaled.jpg\",\"width\":1822,\"height\":2560,\"caption\":\"Ina Ferber\"},\"image\":{\"@id\":\"https:\\\/\\\/ina-ferber.de\\\/#\\\/schema\\\/logo\\\/image\\\/\"}}]}<\/script>\n<!-- \/ Yoast SEO plugin. -->","yoast_head_json":{"title":"Ina Ferber, \"Ich male aus K\u00f6rper, Angst und Erinnerung.\"","description":"Ina Ferber: \"Ich male zwischen dem Wunsch nach Lebendigkeit und der Angst vor der Gewalt, zu der Menschen f\u00e4hig sind.\"","robots":{"index":"index","follow":"follow","max-snippet":"max-snippet:-1","max-image-preview":"max-image-preview:large","max-video-preview":"max-video-preview:-1"},"canonical":"https:\/\/ina-ferber.de\/en\/","og_locale":"en_US","og_type":"article","og_title":"\"Ich male aus K\u00f6rper, Angst und Erinnerung.\"","og_description":"Ina Ferber: \"Ich male zwischen dem Wunsch nach Lebendigkeit und der Angst vor der Gewalt, zu der Menschen f\u00e4hig sind.\"","og_url":"https:\/\/ina-ferber.de\/en\/","og_site_name":"Ina Ferber","article_modified_time":"2026-04-08T13:38:48+00:00","og_image":[{"width":1822,"height":2560,"url":"https:\/\/ina-ferber.de\/wp-content\/uploads\/2025\/04\/Self_II-1-scaled.jpg","type":"image\/jpeg"}],"twitter_card":"summary_large_image","twitter_title":"\"Ich male aus K\u00f6rper, Angst und Erinnerung.\"","twitter_description":"Ina Ferber: \"Ich male zwischen dem Wunsch nach Lebendigkeit und der Angst vor der Gewalt, zu der Menschen f\u00e4hig sind.\"","twitter_image":"https:\/\/ina-ferber.de\/wp-content\/uploads\/2025\/04\/Self_II-1-scaled.jpg","twitter_misc":{"Est. reading time":"2 minutes"},"schema":{"@context":"https:\/\/schema.org","@graph":[{"@type":"WebPage","@id":"https:\/\/ina-ferber.de\/","url":"https:\/\/ina-ferber.de\/","name":"Ina Ferber, \"Ich male aus K\u00f6rper, Angst und Erinnerung.\"","isPartOf":{"@id":"https:\/\/ina-ferber.de\/#website"},"primaryImageOfPage":{"@id":"https:\/\/ina-ferber.de\/#primaryimage"},"image":{"@id":"https:\/\/ina-ferber.de\/#primaryimage"},"thumbnailUrl":"https:\/\/ina-ferber.de\/wp-content\/uploads\/2025\/04\/cropped-Self_II-1-scaled-1.jpg","datePublished":"2025-04-04T15:10:29+00:00","dateModified":"2026-04-08T13:38:48+00:00","description":"Ina Ferber: \"Ich male zwischen dem Wunsch nach Lebendigkeit und der Angst vor der Gewalt, zu der Menschen f\u00e4hig sind.\"","breadcrumb":{"@id":"https:\/\/ina-ferber.de\/#breadcrumb"},"inLanguage":"en-US","potentialAction":[{"@type":"ReadAction","target":["https:\/\/ina-ferber.de\/"]}]},{"@type":"ImageObject","inLanguage":"en-US","@id":"https:\/\/ina-ferber.de\/#primaryimage","url":"https:\/\/ina-ferber.de\/wp-content\/uploads\/2025\/04\/cropped-Self_II-1-scaled-1.jpg","contentUrl":"https:\/\/ina-ferber.de\/wp-content\/uploads\/2025\/04\/cropped-Self_II-1-scaled-1.jpg","width":512,"height":512,"caption":"Self II (Selbstportr\u00e4t Ina Ferber)"},{"@type":"BreadcrumbList","@id":"https:\/\/ina-ferber.de\/#breadcrumb","itemListElement":[{"@type":"ListItem","position":1,"name":"Startseite","item":"https:\/\/ina-ferber.de\/"},{"@type":"ListItem","position":2,"name":"Ina Ferber"}]},{"@type":"WebSite","@id":"https:\/\/ina-ferber.de\/#website","url":"https:\/\/ina-ferber.de\/","name":"Ina Ferber","description":"I paint from body, fear, and memory.","publisher":{"@id":"https:\/\/ina-ferber.de\/#organization"},"potentialAction":[{"@type":"SearchAction","target":{"@type":"EntryPoint","urlTemplate":"https:\/\/ina-ferber.de\/?s={search_term_string}"},"query-input":{"@type":"PropertyValueSpecification","valueRequired":true,"valueName":"search_term_string"}}],"inLanguage":"en-US"},{"@type":"Organization","@id":"https:\/\/ina-ferber.de\/#organization","name":"Ina Ferber","url":"https:\/\/ina-ferber.de\/","logo":{"@type":"ImageObject","inLanguage":"en-US","@id":"https:\/\/ina-ferber.de\/#\/schema\/logo\/image\/","url":"https:\/\/ina-ferber.de\/wp-content\/uploads\/2025\/04\/Self_II-scaled.jpg","contentUrl":"https:\/\/ina-ferber.de\/wp-content\/uploads\/2025\/04\/Self_II-scaled.jpg","width":1822,"height":2560,"caption":"Ina Ferber"},"image":{"@id":"https:\/\/ina-ferber.de\/#\/schema\/logo\/image\/"}}]}},"_links":{"self":[{"href":"https:\/\/ina-ferber.de\/en\/wp-json\/wp\/v2\/pages\/44","targetHints":{"allow":["GET"]}}],"collection":[{"href":"https:\/\/ina-ferber.de\/en\/wp-json\/wp\/v2\/pages"}],"about":[{"href":"https:\/\/ina-ferber.de\/en\/wp-json\/wp\/v2\/types\/page"}],"author":[{"embeddable":true,"href":"https:\/\/ina-ferber.de\/en\/wp-json\/wp\/v2\/users\/1"}],"replies":[{"embeddable":true,"href":"https:\/\/ina-ferber.de\/en\/wp-json\/wp\/v2\/comments?post=44"}],"version-history":[{"count":192,"href":"https:\/\/ina-ferber.de\/en\/wp-json\/wp\/v2\/pages\/44\/revisions"}],"predecessor-version":[{"id":999,"href":"https:\/\/ina-ferber.de\/en\/wp-json\/wp\/v2\/pages\/44\/revisions\/999"}],"wp:featuredmedia":[{"embeddable":true,"href":"https:\/\/ina-ferber.de\/en\/wp-json\/wp\/v2\/media\/142"}],"wp:attachment":[{"href":"https:\/\/ina-ferber.de\/en\/wp-json\/wp\/v2\/media?parent=44"}],"curies":[{"name":"wp","href":"https:\/\/api.w.org\/{rel}","templated":true}]}}