{"id":852,"date":"2026-04-01T07:28:35","date_gmt":"2026-04-01T07:28:35","guid":{"rendered":"https:\/\/ina-ferber.de\/?page_id=852"},"modified":"2026-04-03T19:43:11","modified_gmt":"2026-04-03T19:43:11","slug":"bio-der-kuenstlerin","status":"publish","type":"page","link":"https:\/\/ina-ferber.de\/en\/bio-der-kuenstlerin\/","title":{"rendered":"Bio"},"content":{"rendered":"<div data-elementor-type=\"wp-page\" data-elementor-id=\"852\" class=\"elementor elementor-852\">\n\t\t\t\t<div class=\"elementor-element elementor-element-4e3cfd6 e-con-full e-flex e-con e-parent\" data-id=\"4e3cfd6\" data-element_type=\"container\" data-e-type=\"container\">\n\t\t\t\t<div class=\"elementor-element elementor-element-d9d8ee3 elementor-widget elementor-widget-image\" data-id=\"d9d8ee3\" data-element_type=\"widget\" data-e-type=\"widget\" data-widget_type=\"image.default\">\n\t\t\t\t<div class=\"elementor-widget-container\">\n\t\t\t\t\t\t\t\t\t\t\t\t\t\t\t<img fetchpriority=\"high\" decoding=\"async\" width=\"224\" height=\"300\" src=\"https:\/\/ina-ferber.de\/wp-content\/uploads\/2025\/04\/Portrait-Ina-224x300.jpg\" class=\"attachment-medium size-medium wp-image-160\" alt=\"K\u00fcnstlerin Ina Ferber\" srcset=\"https:\/\/ina-ferber.de\/wp-content\/uploads\/2025\/04\/Portrait-Ina-224x300.jpg 224w, https:\/\/ina-ferber.de\/wp-content\/uploads\/2025\/04\/Portrait-Ina-766x1024.jpg 766w, https:\/\/ina-ferber.de\/wp-content\/uploads\/2025\/04\/Portrait-Ina-768x1027.jpg 768w, https:\/\/ina-ferber.de\/wp-content\/uploads\/2025\/04\/Portrait-Ina-1149x1536.jpg 1149w, https:\/\/ina-ferber.de\/wp-content\/uploads\/2025\/04\/Portrait-Ina-1532x2048.jpg 1532w, https:\/\/ina-ferber.de\/wp-content\/uploads\/2025\/04\/Portrait-Ina-scaled.jpg 1915w\" sizes=\"(max-width: 224px) 100vw, 224px\" \/>\t\t\t\t\t\t\t\t\t\t\t\t\t\t\t<\/div>\n\t\t\t\t<\/div>\n\t\t\t\t<\/div>\n\t\t<div class=\"elementor-element elementor-element-2613192 e-grid e-con-boxed e-con e-parent\" data-id=\"2613192\" data-element_type=\"container\" data-e-type=\"container\">\n\t\t\t\t\t<div class=\"e-con-inner\">\n\t\t\t\t<div class=\"elementor-element elementor-element-ad92786 elementor-widget elementor-widget-spacer\" data-id=\"ad92786\" data-element_type=\"widget\" data-e-type=\"widget\" data-widget_type=\"spacer.default\">\n\t\t\t\t<div class=\"elementor-widget-container\">\n\t\t\t\t\t\t\t<div class=\"elementor-spacer\">\n\t\t\t<div class=\"elementor-spacer-inner\"><\/div>\n\t\t<\/div>\n\t\t\t\t\t\t<\/div>\n\t\t\t\t<\/div>\n\t\t\t\t\t<\/div>\n\t\t\t\t<\/div>\n\t\t<div class=\"elementor-element elementor-element-74e0426 e-flex e-con-boxed e-con e-parent\" data-id=\"74e0426\" data-element_type=\"container\" data-e-type=\"container\">\n\t\t\t\t\t<div class=\"e-con-inner\">\n\t\t\t\t<div class=\"elementor-element elementor-element-7db6a24 elementor-widget elementor-widget-text-editor\" data-id=\"7db6a24\" data-element_type=\"widget\" data-e-type=\"widget\" data-widget_type=\"text-editor.default\">\n\t\t\t\t<div class=\"elementor-widget-container\">\n\t\t\t\t\t\t\t\t\t<h5>I was born on November 4, 1972, in the Soviet Union. At the age of seven, I came to Germany and lived in a refugee shelter in Langen. Thus, the Rhine-Main region became our new home. My professional career took me to places such as Brussels, G\u00fctersloh, and Boston. At the end of 2025, I moved to D\u00fcsseldorf.<\/h5><h5>I\u2019ve always been passionate about art, but for 18 years, my career in HR and consulting was my priority. In 2017, I began drawing and later took up painting with gouache and oil. Since 2023, I have been a full-time freelance artist.<\/h5><h5>I studied under Natalia Makievski from 2017 to 2025.<\/h5><h5><strong>Exhibitions<\/strong><\/h5><h5>2025, BACKYARD EXPERIENCE, STUDIO 40, Cologne, DE<br \/><br \/>2025\/26, Seeing People, Evangelical Deanery Darmstadt \u2013 Open House, Darmstadt, DE<br \/><br \/>2026, Bodies in Diversity, Studio Olga Petrova and Ina Ferber, Frankfurt, DE<\/h5><h5><strong>My Philosophy:<\/strong><\/h5><h5>My work is rooted in modernism; my influences include Munch, Kirchner, and Schiele. I consciously choose to avoid the complex approaches of contemporary art. Figurative painting and drawing, portrait and nude painting\u2014that is, more traditional methods and motifs\u2014do not invite viewers to reflect on materials and tools: in my works, nothing should distract from the proud emotions and the brutal human deeds.<\/h5>\t\t\t\t\t\t\t\t<\/div>\n\t\t\t\t<\/div>\n\t\t\t\t\t<\/div>\n\t\t\t\t<\/div>\n\t\t<div class=\"elementor-element elementor-element-82de517 e-grid e-con-boxed e-con e-parent\" data-id=\"82de517\" data-element_type=\"container\" data-e-type=\"container\">\n\t\t\t\t\t<div class=\"e-con-inner\">\n\t\t\t\t<div class=\"elementor-element elementor-element-8088dd7 elementor-widget elementor-widget-spacer\" data-id=\"8088dd7\" data-element_type=\"widget\" data-e-type=\"widget\" data-widget_type=\"spacer.default\">\n\t\t\t\t<div class=\"elementor-widget-container\">\n\t\t\t\t\t\t\t<div class=\"elementor-spacer\">\n\t\t\t<div class=\"elementor-spacer-inner\"><\/div>\n\t\t<\/div>\n\t\t\t\t\t\t<\/div>\n\t\t\t\t<\/div>\n\t\t\t\t\t<\/div>\n\t\t\t\t<\/div>\n\t\t<div class=\"elementor-element elementor-element-b1c07e1 e-grid e-con-boxed e-con e-parent\" data-id=\"b1c07e1\" data-element_type=\"container\" data-e-type=\"container\">\n\t\t\t\t\t<div class=\"e-con-inner\">\n\t\t\t\t<div class=\"elementor-element elementor-element-80a696c elementor-widget elementor-widget-spacer\" data-id=\"80a696c\" data-element_type=\"widget\" data-e-type=\"widget\" data-widget_type=\"spacer.default\">\n\t\t\t\t<div class=\"elementor-widget-container\">\n\t\t\t\t\t\t\t<div class=\"elementor-spacer\">\n\t\t\t<div class=\"elementor-spacer-inner\"><\/div>\n\t\t<\/div>\n\t\t\t\t\t\t<\/div>\n\t\t\t\t<\/div>\n\t\t\t\t\t<\/div>\n\t\t\t\t<\/div>\n\t\t\t\t<\/div>","protected":false},"excerpt":{"rendered":"<p>Ich wurde am 04.11.1972 in der Sowjetunion geboren. Mit sieben Jahren kam ich nach Deutschland, in ein Fl\u00fcchtlingswohnheim in Langen. So wurde das Rhein-Main-Gebiet zu unserer neuen Heimat. Stationen meines beruflichen Lebens waren dann u.a. Br\u00fcssel, G\u00fctersloh und Boston. Ende 2025 erfolgte der Umzug nach D\u00fcsseldorf. F\u00fcr Kunst brannte ich schon immer, doch 18 Jahre [&hellip;]<\/p>\n","protected":false},"author":1,"featured_media":160,"parent":0,"menu_order":0,"comment_status":"closed","ping_status":"closed","template":"","meta":{"footnotes":""},"class_list":["post-852","page","type-page","status-publish","has-post-thumbnail","hentry"],"yoast_head":"<!-- This site is optimized with the Yoast SEO plugin v27.3 - https:\/\/yoast.com\/product\/yoast-seo-wordpress\/ -->\n<title>Bio der K\u00fcnstlerin - Ina Ferber<\/title>\n<meta name=\"description\" content=\"Bio und Philosophie der K\u00fcnstlerin: In meinen Werken soll nichts von den stolzen Gef\u00fchlen und dem brutalen Menschenwerk ablenken.\" \/>\n<meta name=\"robots\" content=\"index, follow, max-snippet:-1, max-image-preview:large, max-video-preview:-1\" \/>\n<link rel=\"canonical\" href=\"https:\/\/ina-ferber.de\/en\/bio-der-kuenstlerin\/\" \/>\n<meta property=\"og:locale\" content=\"en_US\" \/>\n<meta property=\"og:type\" content=\"article\" \/>\n<meta property=\"og:title\" content=\"Bio der K\u00fcnstlerin - Ina Ferber\" \/>\n<meta property=\"og:description\" content=\"Bio und Philosophie der K\u00fcnstlerin: In meinen Werken soll nichts von den stolzen Gef\u00fchlen und dem brutalen Menschenwerk ablenken.\" \/>\n<meta property=\"og:url\" content=\"https:\/\/ina-ferber.de\/en\/bio-der-kuenstlerin\/\" \/>\n<meta property=\"og:site_name\" content=\"Ina Ferber\" \/>\n<meta property=\"article:modified_time\" content=\"2026-04-03T19:43:11+00:00\" \/>\n<meta property=\"og:image\" content=\"https:\/\/ina-ferber.de\/wp-content\/uploads\/2025\/04\/Portrait-Ina-scaled.jpg\" \/>\n\t<meta property=\"og:image:width\" content=\"1915\" \/>\n\t<meta property=\"og:image:height\" content=\"2560\" \/>\n\t<meta property=\"og:image:type\" content=\"image\/jpeg\" \/>\n<meta name=\"twitter:card\" content=\"summary_large_image\" \/>\n<meta name=\"twitter:label1\" content=\"Est. reading time\" \/>\n\t<meta name=\"twitter:data1\" content=\"2 minutes\" \/>\n<script type=\"application\/ld+json\" class=\"yoast-schema-graph\">{\"@context\":\"https:\\\/\\\/schema.org\",\"@graph\":[{\"@type\":\"WebPage\",\"@id\":\"https:\\\/\\\/ina-ferber.de\\\/bio-der-kuenstlerin\\\/\",\"url\":\"https:\\\/\\\/ina-ferber.de\\\/bio-der-kuenstlerin\\\/\",\"name\":\"Bio der K\u00fcnstlerin - Ina Ferber\",\"isPartOf\":{\"@id\":\"https:\\\/\\\/ina-ferber.de\\\/#website\"},\"primaryImageOfPage\":{\"@id\":\"https:\\\/\\\/ina-ferber.de\\\/bio-der-kuenstlerin\\\/#primaryimage\"},\"image\":{\"@id\":\"https:\\\/\\\/ina-ferber.de\\\/bio-der-kuenstlerin\\\/#primaryimage\"},\"thumbnailUrl\":\"https:\\\/\\\/ina-ferber.de\\\/wp-content\\\/uploads\\\/2025\\\/04\\\/Portrait-Ina-scaled.jpg\",\"datePublished\":\"2026-04-01T07:28:35+00:00\",\"dateModified\":\"2026-04-03T19:43:11+00:00\",\"description\":\"Bio und Philosophie der K\u00fcnstlerin: In meinen Werken soll nichts von den stolzen Gef\u00fchlen und dem brutalen Menschenwerk ablenken.\",\"breadcrumb\":{\"@id\":\"https:\\\/\\\/ina-ferber.de\\\/bio-der-kuenstlerin\\\/#breadcrumb\"},\"inLanguage\":\"en-US\",\"potentialAction\":[{\"@type\":\"ReadAction\",\"target\":[\"https:\\\/\\\/ina-ferber.de\\\/bio-der-kuenstlerin\\\/\"]}]},{\"@type\":\"ImageObject\",\"inLanguage\":\"en-US\",\"@id\":\"https:\\\/\\\/ina-ferber.de\\\/bio-der-kuenstlerin\\\/#primaryimage\",\"url\":\"https:\\\/\\\/ina-ferber.de\\\/wp-content\\\/uploads\\\/2025\\\/04\\\/Portrait-Ina-scaled.jpg\",\"contentUrl\":\"https:\\\/\\\/ina-ferber.de\\\/wp-content\\\/uploads\\\/2025\\\/04\\\/Portrait-Ina-scaled.jpg\",\"width\":1915,\"height\":2560,\"caption\":\"Ina\"},{\"@type\":\"BreadcrumbList\",\"@id\":\"https:\\\/\\\/ina-ferber.de\\\/bio-der-kuenstlerin\\\/#breadcrumb\",\"itemListElement\":[{\"@type\":\"ListItem\",\"position\":1,\"name\":\"Startseite\",\"item\":\"https:\\\/\\\/ina-ferber.de\\\/\"},{\"@type\":\"ListItem\",\"position\":2,\"name\":\"Bio\"}]},{\"@type\":\"WebSite\",\"@id\":\"https:\\\/\\\/ina-ferber.de\\\/#website\",\"url\":\"https:\\\/\\\/ina-ferber.de\\\/\",\"name\":\"Ina Ferber\",\"description\":\"Ich male aus K\u00f6rper, Angst und Erinnerung.\",\"publisher\":{\"@id\":\"https:\\\/\\\/ina-ferber.de\\\/#organization\"},\"potentialAction\":[{\"@type\":\"SearchAction\",\"target\":{\"@type\":\"EntryPoint\",\"urlTemplate\":\"https:\\\/\\\/ina-ferber.de\\\/?s={search_term_string}\"},\"query-input\":{\"@type\":\"PropertyValueSpecification\",\"valueRequired\":true,\"valueName\":\"search_term_string\"}}],\"inLanguage\":\"en-US\"},{\"@type\":\"Organization\",\"@id\":\"https:\\\/\\\/ina-ferber.de\\\/#organization\",\"name\":\"Ina Ferber\",\"url\":\"https:\\\/\\\/ina-ferber.de\\\/\",\"logo\":{\"@type\":\"ImageObject\",\"inLanguage\":\"en-US\",\"@id\":\"https:\\\/\\\/ina-ferber.de\\\/#\\\/schema\\\/logo\\\/image\\\/\",\"url\":\"https:\\\/\\\/ina-ferber.de\\\/wp-content\\\/uploads\\\/2025\\\/04\\\/Self_II-scaled.jpg\",\"contentUrl\":\"https:\\\/\\\/ina-ferber.de\\\/wp-content\\\/uploads\\\/2025\\\/04\\\/Self_II-scaled.jpg\",\"width\":1822,\"height\":2560,\"caption\":\"Ina Ferber\"},\"image\":{\"@id\":\"https:\\\/\\\/ina-ferber.de\\\/#\\\/schema\\\/logo\\\/image\\\/\"}}]}<\/script>\n<!-- \/ Yoast SEO plugin. -->","yoast_head_json":{"title":"Bio der K\u00fcnstlerin - Ina Ferber","description":"Bio und Philosophie der K\u00fcnstlerin: In meinen Werken soll nichts von den stolzen Gef\u00fchlen und dem brutalen Menschenwerk ablenken.","robots":{"index":"index","follow":"follow","max-snippet":"max-snippet:-1","max-image-preview":"max-image-preview:large","max-video-preview":"max-video-preview:-1"},"canonical":"https:\/\/ina-ferber.de\/en\/bio-der-kuenstlerin\/","og_locale":"en_US","og_type":"article","og_title":"Bio der K\u00fcnstlerin - Ina Ferber","og_description":"Bio und Philosophie der K\u00fcnstlerin: In meinen Werken soll nichts von den stolzen Gef\u00fchlen und dem brutalen Menschenwerk ablenken.","og_url":"https:\/\/ina-ferber.de\/en\/bio-der-kuenstlerin\/","og_site_name":"Ina Ferber","article_modified_time":"2026-04-03T19:43:11+00:00","og_image":[{"width":1915,"height":2560,"url":"https:\/\/ina-ferber.de\/wp-content\/uploads\/2025\/04\/Portrait-Ina-scaled.jpg","type":"image\/jpeg"}],"twitter_card":"summary_large_image","twitter_misc":{"Est. reading time":"2 minutes"},"schema":{"@context":"https:\/\/schema.org","@graph":[{"@type":"WebPage","@id":"https:\/\/ina-ferber.de\/bio-der-kuenstlerin\/","url":"https:\/\/ina-ferber.de\/bio-der-kuenstlerin\/","name":"Bio der K\u00fcnstlerin - Ina Ferber","isPartOf":{"@id":"https:\/\/ina-ferber.de\/#website"},"primaryImageOfPage":{"@id":"https:\/\/ina-ferber.de\/bio-der-kuenstlerin\/#primaryimage"},"image":{"@id":"https:\/\/ina-ferber.de\/bio-der-kuenstlerin\/#primaryimage"},"thumbnailUrl":"https:\/\/ina-ferber.de\/wp-content\/uploads\/2025\/04\/Portrait-Ina-scaled.jpg","datePublished":"2026-04-01T07:28:35+00:00","dateModified":"2026-04-03T19:43:11+00:00","description":"Bio und Philosophie der K\u00fcnstlerin: In meinen Werken soll nichts von den stolzen Gef\u00fchlen und dem brutalen Menschenwerk ablenken.","breadcrumb":{"@id":"https:\/\/ina-ferber.de\/bio-der-kuenstlerin\/#breadcrumb"},"inLanguage":"en-US","potentialAction":[{"@type":"ReadAction","target":["https:\/\/ina-ferber.de\/bio-der-kuenstlerin\/"]}]},{"@type":"ImageObject","inLanguage":"en-US","@id":"https:\/\/ina-ferber.de\/bio-der-kuenstlerin\/#primaryimage","url":"https:\/\/ina-ferber.de\/wp-content\/uploads\/2025\/04\/Portrait-Ina-scaled.jpg","contentUrl":"https:\/\/ina-ferber.de\/wp-content\/uploads\/2025\/04\/Portrait-Ina-scaled.jpg","width":1915,"height":2560,"caption":"Ina"},{"@type":"BreadcrumbList","@id":"https:\/\/ina-ferber.de\/bio-der-kuenstlerin\/#breadcrumb","itemListElement":[{"@type":"ListItem","position":1,"name":"Startseite","item":"https:\/\/ina-ferber.de\/"},{"@type":"ListItem","position":2,"name":"Bio"}]},{"@type":"WebSite","@id":"https:\/\/ina-ferber.de\/#website","url":"https:\/\/ina-ferber.de\/","name":"Ina Ferber","description":"I paint from body, fear, and memory.","publisher":{"@id":"https:\/\/ina-ferber.de\/#organization"},"potentialAction":[{"@type":"SearchAction","target":{"@type":"EntryPoint","urlTemplate":"https:\/\/ina-ferber.de\/?s={search_term_string}"},"query-input":{"@type":"PropertyValueSpecification","valueRequired":true,"valueName":"search_term_string"}}],"inLanguage":"en-US"},{"@type":"Organization","@id":"https:\/\/ina-ferber.de\/#organization","name":"Ina Ferber","url":"https:\/\/ina-ferber.de\/","logo":{"@type":"ImageObject","inLanguage":"en-US","@id":"https:\/\/ina-ferber.de\/#\/schema\/logo\/image\/","url":"https:\/\/ina-ferber.de\/wp-content\/uploads\/2025\/04\/Self_II-scaled.jpg","contentUrl":"https:\/\/ina-ferber.de\/wp-content\/uploads\/2025\/04\/Self_II-scaled.jpg","width":1822,"height":2560,"caption":"Ina Ferber"},"image":{"@id":"https:\/\/ina-ferber.de\/#\/schema\/logo\/image\/"}}]}},"_links":{"self":[{"href":"https:\/\/ina-ferber.de\/en\/wp-json\/wp\/v2\/pages\/852","targetHints":{"allow":["GET"]}}],"collection":[{"href":"https:\/\/ina-ferber.de\/en\/wp-json\/wp\/v2\/pages"}],"about":[{"href":"https:\/\/ina-ferber.de\/en\/wp-json\/wp\/v2\/types\/page"}],"author":[{"embeddable":true,"href":"https:\/\/ina-ferber.de\/en\/wp-json\/wp\/v2\/users\/1"}],"replies":[{"embeddable":true,"href":"https:\/\/ina-ferber.de\/en\/wp-json\/wp\/v2\/comments?post=852"}],"version-history":[{"count":9,"href":"https:\/\/ina-ferber.de\/en\/wp-json\/wp\/v2\/pages\/852\/revisions"}],"predecessor-version":[{"id":941,"href":"https:\/\/ina-ferber.de\/en\/wp-json\/wp\/v2\/pages\/852\/revisions\/941"}],"wp:featuredmedia":[{"embeddable":true,"href":"https:\/\/ina-ferber.de\/en\/wp-json\/wp\/v2\/media\/160"}],"wp:attachment":[{"href":"https:\/\/ina-ferber.de\/en\/wp-json\/wp\/v2\/media?parent=852"}],"curies":[{"name":"wp","href":"https:\/\/api.w.org\/{rel}","templated":true}]}}